{"id":109,"date":"2025-03-06T11:39:15","date_gmt":"2025-03-06T16:39:15","guid":{"rendered":"https:\/\/powerplaycup.ca\/industries\/"},"modified":"2025-03-28T12:23:49","modified_gmt":"2025-03-28T16:23:49","slug":"services-2","status":"publish","type":"page","link":"https:\/\/powerplaycup.ca\/en\/services-2\/","title":{"rendered":"Services"},"content":{"rendered":"<div data-elementor-type=\"wp-page\" data-elementor-id=\"109\" class=\"elementor elementor-109\" data-elementor-post-type=\"page\">\n\t\t\t\t<div class=\"elementor-element elementor-element-7883139e e-con-full e-flex e-con e-parent\" data-id=\"7883139e\" data-element_type=\"container\" data-settings=\"{&quot;background_background&quot;:&quot;classic&quot;}\">\n\t\t<div class=\"elementor-element elementor-element-7bd0675c e-con-full e-flex e-con e-child\" data-id=\"7bd0675c\" data-element_type=\"container\">\n\t\t\t\t<div class=\"elementor-element elementor-element-ca49c12 elementor-widget elementor-widget-heading\" data-id=\"ca49c12\" data-element_type=\"widget\" data-widget_type=\"heading.default\">\n\t\t\t\t<div class=\"elementor-widget-container\">\n\t\t\t\t\t<h1 class=\"elementor-heading-title elementor-size-default\">Services<\/h1>\t\t\t\t<\/div>\n\t\t\t\t<\/div>\n\t\t\t\t<\/div>\n\t\t\t\t<\/div>\n\t\t<div class=\"elementor-element elementor-element-78e537b e-flex e-con-boxed e-con e-child\" data-id=\"78e537b\" data-element_type=\"container\">\n\t\t\t\t\t<div class=\"e-con-inner\">\n\t\t<div class=\"elementor-element elementor-element-2d63001 e-con-full e-flex e-con e-child\" data-id=\"2d63001\" data-element_type=\"container\">\n\t\t\t\t<div class=\"elementor-element elementor-element-426ae62 elementor-widget elementor-widget-heading\" data-id=\"426ae62\" data-element_type=\"widget\" data-widget_type=\"heading.default\">\n\t\t\t\t<div class=\"elementor-widget-container\">\n\t\t\t\t\t<div class=\"elementor-heading-title elementor-size-default\">Nos services<\/div>\t\t\t\t<\/div>\n\t\t\t\t<\/div>\n\t\t\t\t<div class=\"elementor-element elementor-element-99ed73e elementor-headline--style-highlight elementor-widget elementor-widget-animated-headline\" data-id=\"99ed73e\" data-element_type=\"widget\" data-settings=\"{&quot;marker&quot;:&quot;curly&quot;,&quot;highlighted_text&quot;:&quot;avec notre aide&quot;,&quot;highlight_animation_duration&quot;:0,&quot;headline_style&quot;:&quot;highlight&quot;}\" data-widget_type=\"animated-headline.default\">\n\t\t\t\t<div class=\"elementor-widget-container\">\n\t\t\t\t\t\t\t<h2 class=\"elementor-headline\">\n\t\t\t\t\t<span class=\"elementor-headline-plain-text elementor-headline-text-wrapper\">Organiser votre tournoi<\/span>\n\t\t\t\t<span class=\"elementor-headline-dynamic-wrapper elementor-headline-text-wrapper\">\n\t\t\t\t\t<span class=\"elementor-headline-dynamic-text elementor-headline-text-active\">avec notre aide<\/span>\n\t\t\t\t<\/span>\n\t\t\t\t<\/h2>\n\t\t\t\t\t\t<\/div>\n\t\t\t\t<\/div>\n\t\t\t\t<\/div>\n\t\t<div class=\"elementor-element elementor-element-8222c6b e-con-full e-flex e-con e-child\" data-id=\"8222c6b\" data-element_type=\"container\">\n\t\t\t\t<div class=\"elementor-element elementor-element-68e19ae elementor-widget elementor-widget-text-editor\" data-id=\"68e19ae\" data-element_type=\"widget\" data-widget_type=\"text-editor.default\">\n\t\t\t\t<div class=\"elementor-widget-container\">\n\t\t\t\t\t\t\t\t\t<p>Vous organisez un tournoi de hockey adulte et vous pensez avoir besoin d&rsquo;aide? Nous avons plusieurs services qui peuvent vous donner un bon coup de main!<\/p>\t\t\t\t\t\t\t\t<\/div>\n\t\t\t\t<\/div>\n\t\t\t\t<\/div>\n\t\t\t\t\t<\/div>\n\t\t\t\t<\/div>\n\t\t<div class=\"elementor-element elementor-element-ac869cd e-grid e-con-boxed e-con e-parent\" data-id=\"ac869cd\" data-element_type=\"container\">\n\t\t\t\t\t<div class=\"e-con-inner\">\n\t\t<div class=\"elementor-element elementor-element-b8bd4d3 e-con-full e-flex e-con e-child\" data-id=\"b8bd4d3\" data-element_type=\"container\">\n\t\t\t\t<div class=\"elementor-element elementor-element-623d752 elementor-widget__width-initial elementor-widget elementor-widget-image\" data-id=\"623d752\" data-element_type=\"widget\" data-widget_type=\"image.default\">\n\t\t\t\t<div class=\"elementor-widget-container\">\n\t\t\t\t\t\t\t\t\t\t\t\t\t\t\t<img alt=\"\" fetchpriority=\"high\" decoding=\"async\" width=\"800\" height=\"533\" src=\"https:\/\/powerplaycup.ca\/wp-content\/uploads\/2025\/03\/Joueur-de-hockey-freine-1024x682.webp\" class=\"attachment-large size-large wp-image-765\" srcset=\"https:\/\/powerplaycup.ca\/wp-content\/uploads\/2025\/03\/Joueur-de-hockey-freine-1024x682.webp 1024w, https:\/\/powerplaycup.ca\/wp-content\/uploads\/2025\/03\/Joueur-de-hockey-freine-300x200.webp 300w, https:\/\/powerplaycup.ca\/wp-content\/uploads\/2025\/03\/Joueur-de-hockey-freine-768x512.webp 768w, https:\/\/powerplaycup.ca\/wp-content\/uploads\/2025\/03\/Joueur-de-hockey-freine-18x12.webp 18w, https:\/\/powerplaycup.ca\/wp-content\/uploads\/2025\/03\/Joueur-de-hockey-freine.webp 1280w\" sizes=\"(max-width: 800px) 100vw, 800px\" \/>\t\t\t\t\t\t\t\t\t\t\t\t\t\t\t<\/div>\n\t\t\t\t<\/div>\n\t\t\t\t<div class=\"elementor-element elementor-element-87f4ac0 elementor-widget__width-inherit elementor-widget elementor-widget-heading\" data-id=\"87f4ac0\" data-element_type=\"widget\" data-widget_type=\"heading.default\">\n\t\t\t\t<div class=\"elementor-widget-container\">\n\t\t\t\t\t<h4 class=\"elementor-heading-title elementor-size-default\">Paiement simplifi\u00e9<\/h4>\t\t\t\t<\/div>\n\t\t\t\t<\/div>\n\t\t\t\t<div class=\"elementor-element elementor-element-b4d5487 elementor-widget__width-inherit elementor-widget elementor-widget-text-editor\" data-id=\"b4d5487\" data-element_type=\"widget\" data-widget_type=\"text-editor.default\">\n\t\t\t\t<div class=\"elementor-widget-container\">\n\t\t\t\t\t\t\t\t\t<p>En h\u00e9bergeant votre tournoi sur notre site, nous pouvons g\u00e9rer les paiements pour vous; nous conserverons une commission de 10%, qui couvre les frais de transaction et de gestion.<\/p>\t\t\t\t\t\t\t\t<\/div>\n\t\t\t\t<\/div>\n\t\t\t\t<\/div>\n\t\t<div class=\"elementor-element elementor-element-13cea86 e-con-full e-flex e-con e-child\" data-id=\"13cea86\" data-element_type=\"container\">\n\t\t\t\t<div class=\"elementor-element elementor-element-ae91de7 elementor-widget__width-initial elementor-widget elementor-widget-image\" data-id=\"ae91de7\" data-element_type=\"widget\" data-widget_type=\"image.default\">\n\t\t\t\t<div class=\"elementor-widget-container\">\n\t\t\t\t\t\t\t\t\t\t\t\t\t\t\t<img alt=\"\" decoding=\"async\" width=\"768\" height=\"502\" src=\"https:\/\/powerplaycup.ca\/wp-content\/uploads\/2025\/03\/hockey-community-768x502.webp\" class=\"attachment-medium_large size-medium_large wp-image-757\" srcset=\"https:\/\/powerplaycup.ca\/wp-content\/uploads\/2025\/03\/hockey-community-768x502.webp 768w, https:\/\/powerplaycup.ca\/wp-content\/uploads\/2025\/03\/hockey-community-300x196.webp 300w, https:\/\/powerplaycup.ca\/wp-content\/uploads\/2025\/03\/hockey-community-18x12.webp 18w, https:\/\/powerplaycup.ca\/wp-content\/uploads\/2025\/03\/hockey-community.webp 1000w\" sizes=\"(max-width: 768px) 100vw, 768px\" \/>\t\t\t\t\t\t\t\t\t\t\t\t\t\t\t<\/div>\n\t\t\t\t<\/div>\n\t\t<div class=\"elementor-element elementor-element-d910427 e-con-full e-flex e-con e-child\" data-id=\"d910427\" data-element_type=\"container\">\n\t\t\t\t<div class=\"elementor-element elementor-element-9bef31e elementor-widget__width-inherit elementor-widget elementor-widget-heading\" data-id=\"9bef31e\" data-element_type=\"widget\" data-widget_type=\"heading.default\">\n\t\t\t\t<div class=\"elementor-widget-container\">\n\t\t\t\t\t<h4 class=\"elementor-heading-title elementor-size-default\">Visibility<\/h4>\t\t\t\t<\/div>\n\t\t\t\t<\/div>\n\t\t\t\t<div class=\"elementor-element elementor-element-ae02ddd elementor-widget__width-inherit elementor-widget elementor-widget-text-editor\" data-id=\"ae02ddd\" data-element_type=\"widget\" data-widget_type=\"text-editor.default\">\n\t\t\t\t<div class=\"elementor-widget-container\">\n\t\t\t\t\t\t\t\t\t<p>En organisant votre tournoi avec notre aide, nous pourrons inviter notre communaut\u00e9 \u00e0 s&rsquo;inscrire. Que vous visiez local ou international, il est toujours plus simple de collaborer!<\/p>\t\t\t\t\t\t\t\t<\/div>\n\t\t\t\t<\/div>\n\t\t\t\t<\/div>\n\t\t\t\t<\/div>\n\t\t<div class=\"elementor-element elementor-element-6a06464 e-con-full e-flex e-con e-child\" data-id=\"6a06464\" data-element_type=\"container\">\n\t\t\t\t<div class=\"elementor-element elementor-element-db2c520 elementor-widget__width-initial elementor-widget elementor-widget-image\" data-id=\"db2c520\" data-element_type=\"widget\" data-widget_type=\"image.default\">\n\t\t\t\t<div class=\"elementor-widget-container\">\n\t\t\t\t\t\t\t\t\t\t\t\t\t\t\t<img decoding=\"async\" width=\"768\" height=\"575\" src=\"https:\/\/powerplaycup.ca\/wp-content\/uploads\/2025\/03\/joueurs-de-hockey-mise-au-jeu-768x575.webp\" class=\"attachment-medium_large size-medium_large wp-image-764\" alt=\"powerplay cup\" srcset=\"https:\/\/powerplaycup.ca\/wp-content\/uploads\/2025\/03\/joueurs-de-hockey-mise-au-jeu-768x575.webp 768w, https:\/\/powerplaycup.ca\/wp-content\/uploads\/2025\/03\/joueurs-de-hockey-mise-au-jeu-300x225.webp 300w, https:\/\/powerplaycup.ca\/wp-content\/uploads\/2025\/03\/joueurs-de-hockey-mise-au-jeu-1024x767.webp 1024w, https:\/\/powerplaycup.ca\/wp-content\/uploads\/2025\/03\/joueurs-de-hockey-mise-au-jeu-16x12.webp 16w, https:\/\/powerplaycup.ca\/wp-content\/uploads\/2025\/03\/joueurs-de-hockey-mise-au-jeu.webp 1280w\" sizes=\"(max-width: 768px) 100vw, 768px\" \/>\t\t\t\t\t\t\t\t\t\t\t\t\t\t\t<\/div>\n\t\t\t\t<\/div>\n\t\t<div class=\"elementor-element elementor-element-1843ae7 e-con-full e-flex e-con e-child\" data-id=\"1843ae7\" data-element_type=\"container\">\n\t\t\t\t<div class=\"elementor-element elementor-element-9671e2e elementor-widget__width-inherit elementor-widget elementor-widget-heading\" data-id=\"9671e2e\" data-element_type=\"widget\" data-widget_type=\"heading.default\">\n\t\t\t\t<div class=\"elementor-widget-container\">\n\t\t\t\t\t<h4 class=\"elementor-heading-title elementor-size-default\">Support<\/h4>\t\t\t\t<\/div>\n\t\t\t\t<\/div>\n\t\t\t\t<div class=\"elementor-element elementor-element-94db977 elementor-widget__width-inherit elementor-widget elementor-widget-text-editor\" data-id=\"94db977\" data-element_type=\"widget\" data-widget_type=\"text-editor.default\">\n\t\t\t\t<div class=\"elementor-widget-container\">\n\t\t\t\t\t\t\t\t\t<p>Vous avez besoin d&rsquo;aide pour l&rsquo;organisation de votre \u00e9v\u00e9nement? Ou pour la gestion des activit\u00e9s? Nous pouvons vous aider!<\/p>\t\t\t\t\t\t\t\t<\/div>\n\t\t\t\t<\/div>\n\t\t\t\t<\/div>\n\t\t\t\t<\/div>\n\t\t<div class=\"elementor-element elementor-element-1f6875a e-con-full e-flex e-con e-child\" data-id=\"1f6875a\" data-element_type=\"container\">\n\t\t\t\t<div class=\"elementor-element elementor-element-2d10d91 elementor-widget__width-initial elementor-widget elementor-widget-image\" data-id=\"2d10d91\" data-element_type=\"widget\" data-widget_type=\"image.default\">\n\t\t\t\t<div class=\"elementor-widget-container\">\n\t\t\t\t\t\t\t\t\t\t\t\t\t\t\t<img alt=\"\" loading=\"lazy\" decoding=\"async\" width=\"800\" height=\"534\" src=\"https:\/\/powerplaycup.ca\/wp-content\/uploads\/2025\/03\/referee-banner-image-1024x683.webp\" class=\"attachment-large size-large wp-image-644\" srcset=\"https:\/\/powerplaycup.ca\/wp-content\/uploads\/2025\/03\/referee-banner-image-1024x683.webp 1024w, https:\/\/powerplaycup.ca\/wp-content\/uploads\/2025\/03\/referee-banner-image-300x200.webp 300w, https:\/\/powerplaycup.ca\/wp-content\/uploads\/2025\/03\/referee-banner-image-768x512.webp 768w, https:\/\/powerplaycup.ca\/wp-content\/uploads\/2025\/03\/referee-banner-image-1536x1024.webp 1536w, https:\/\/powerplaycup.ca\/wp-content\/uploads\/2025\/03\/referee-banner-image.webp 1920w\" sizes=\"(max-width: 800px) 100vw, 800px\" \/>\t\t\t\t\t\t\t\t\t\t\t\t\t\t\t<\/div>\n\t\t\t\t<\/div>\n\t\t\t\t<div class=\"elementor-element elementor-element-3fc6a7d elementor-widget__width-inherit elementor-widget elementor-widget-heading\" data-id=\"3fc6a7d\" data-element_type=\"widget\" data-widget_type=\"heading.default\">\n\t\t\t\t<div class=\"elementor-widget-container\">\n\t\t\t\t\t<h4 class=\"elementor-heading-title elementor-size-default\">Banque d'arbitres<\/h4>\t\t\t\t<\/div>\n\t\t\t\t<\/div>\n\t\t\t\t<div class=\"elementor-element elementor-element-304387c elementor-widget__width-inherit elementor-widget elementor-widget-text-editor\" data-id=\"304387c\" data-element_type=\"widget\" data-widget_type=\"text-editor.default\">\n\t\t\t\t<div class=\"elementor-widget-container\">\n\t\t\t\t\t\t\t\t\t<p>Vous avez de la difficult\u00e9 \u00e0 trouver des arbitres pour votre tournoi? Nous pouvons vous donner acc\u00e8s \u00e0 nos contacts!<\/p><p>Contactez-nous pour prendre une entente!<\/p>\t\t\t\t\t\t\t\t<\/div>\n\t\t\t\t<\/div>\n\t\t\t\t<\/div>\n\t\t<div class=\"elementor-element elementor-element-bbec1ef e-con-full e-flex e-con e-child\" data-id=\"bbec1ef\" data-element_type=\"container\">\n\t\t\t\t<div class=\"elementor-element elementor-element-32839a2 elementor-widget__width-initial elementor-widget elementor-widget-image\" data-id=\"32839a2\" data-element_type=\"widget\" data-widget_type=\"image.default\">\n\t\t\t\t<div class=\"elementor-widget-container\">\n\t\t\t\t\t\t\t\t\t\t\t\t\t\t\t<img alt=\"\" loading=\"lazy\" decoding=\"async\" width=\"832\" height=\"1472\" src=\"https:\/\/powerplaycup.ca\/wp-content\/uploads\/2025\/03\/trophee-hockey.webp\" class=\"attachment-full size-full wp-image-756\" srcset=\"https:\/\/powerplaycup.ca\/wp-content\/uploads\/2025\/03\/trophee-hockey.webp 832w, https:\/\/powerplaycup.ca\/wp-content\/uploads\/2025\/03\/trophee-hockey-170x300.webp 170w, https:\/\/powerplaycup.ca\/wp-content\/uploads\/2025\/03\/trophee-hockey-579x1024.webp 579w, https:\/\/powerplaycup.ca\/wp-content\/uploads\/2025\/03\/trophee-hockey-768x1359.webp 768w, https:\/\/powerplaycup.ca\/wp-content\/uploads\/2025\/03\/trophee-hockey-7x12.webp 7w\" sizes=\"(max-width: 832px) 100vw, 832px\" \/>\t\t\t\t\t\t\t\t\t\t\t\t\t\t\t<\/div>\n\t\t\t\t<\/div>\n\t\t\t\t<div class=\"elementor-element elementor-element-fd6fb7d elementor-widget__width-inherit elementor-widget elementor-widget-heading\" data-id=\"fd6fb7d\" data-element_type=\"widget\" data-widget_type=\"heading.default\">\n\t\t\t\t<div class=\"elementor-widget-container\">\n\t\t\t\t\t<h4 class=\"elementor-heading-title elementor-size-default\">Cr\u00e9ation de troph\u00e9es<\/h4>\t\t\t\t<\/div>\n\t\t\t\t<\/div>\n\t\t\t\t<div class=\"elementor-element elementor-element-d0f2017 elementor-widget__width-inherit elementor-widget elementor-widget-text-editor\" data-id=\"d0f2017\" data-element_type=\"widget\" data-widget_type=\"text-editor.default\">\n\t\t\t\t<div class=\"elementor-widget-container\">\n\t\t\t\t\t\t\t\t\t<p>Vous voulez mener votre tournoi \u00e0 un autre niveau? Nous pouvons faire fabriquer un troph\u00e9e personnalis\u00e9e et unique gr\u00e2ce \u00e0 nos contacts aupr\u00e8s d&rsquo;artisans et de cr\u00e9ateurs.<\/p>\t\t\t\t\t\t\t\t<\/div>\n\t\t\t\t<\/div>\n\t\t\t\t<\/div>\n\t\t\t\t\t<\/div>\n\t\t\t\t<\/div>\n\t\t<div class=\"elementor-element elementor-element-60b6c866 e-flex e-con-boxed e-con e-parent\" data-id=\"60b6c866\" data-element_type=\"container\">\n\t\t\t\t\t<div class=\"e-con-inner\">\n\t\t<div class=\"elementor-element elementor-element-18090682 e-flex e-con-boxed e-con e-child\" data-id=\"18090682\" data-element_type=\"container\">\n\t\t\t\t\t<div class=\"e-con-inner\">\n\t\t\t\t<div class=\"elementor-element elementor-element-16ada1fd elementor-widget elementor-widget-heading\" data-id=\"16ada1fd\" data-element_type=\"widget\" data-widget_type=\"heading.default\">\n\t\t\t\t<div class=\"elementor-widget-container\">\n\t\t\t\t\t<div class=\"elementor-heading-title elementor-size-default\">lancez-vous!<\/div>\t\t\t\t<\/div>\n\t\t\t\t<\/div>\n\t\t\t\t<div class=\"elementor-element elementor-element-323e3afb elementor-headline--style-highlight elementor-widget elementor-widget-animated-headline\" data-id=\"323e3afb\" data-element_type=\"widget\" data-settings=\"{&quot;marker&quot;:&quot;curly&quot;,&quot;highlighted_text&quot;:&quot;notre famille&quot;,&quot;highlight_animation_duration&quot;:0,&quot;headline_style&quot;:&quot;highlight&quot;}\" data-widget_type=\"animated-headline.default\">\n\t\t\t\t<div class=\"elementor-widget-container\">\n\t\t\t\t\t\t\t<h2 class=\"elementor-headline\">\n\t\t\t\t\t<span class=\"elementor-headline-plain-text elementor-headline-text-wrapper\">Joignez<\/span>\n\t\t\t\t<span class=\"elementor-headline-dynamic-wrapper elementor-headline-text-wrapper\">\n\t\t\t\t\t<span class=\"elementor-headline-dynamic-text elementor-headline-text-active\">notre famille<\/span>\n\t\t\t\t<\/span>\n\t\t\t\t<\/h2>\n\t\t\t\t\t\t<\/div>\n\t\t\t\t<\/div>\n\t\t\t\t<div class=\"elementor-element elementor-element-291ebd7b elementor-widget elementor-widget-text-editor\" data-id=\"291ebd7b\" data-element_type=\"widget\" data-widget_type=\"text-editor.default\">\n\t\t\t\t<div class=\"elementor-widget-container\">\n\t\t\t\t\t\t\t\t\t<p>Menons votre tournoi de hockey adulte \u00e0 un autre niveau ensemble!<\/p>\t\t\t\t\t\t\t\t<\/div>\n\t\t\t\t<\/div>\n\t\t\t\t<div class=\"elementor-element elementor-element-8d5e296 elementor-button-align-start elementor-mobile-button-align-stretch elementor-widget elementor-widget-form\" data-id=\"8d5e296\" data-element_type=\"widget\" data-settings=\"{&quot;step_next_label&quot;:&quot;Suivant&quot;,&quot;step_previous_label&quot;:&quot;Pr\\u00e9c\\u00e9dent&quot;,&quot;button_width&quot;:&quot;100&quot;,&quot;step_type&quot;:&quot;number_text&quot;,&quot;step_icon_shape&quot;:&quot;circle&quot;}\" data-widget_type=\"form.default\">\n\t\t\t\t<div class=\"elementor-widget-container\">\n\t\t\t\t\t\t\t<form class=\"elementor-form\" method=\"post\" name=\"Nouveau formulaire\" aria-label=\"Nouveau formulaire\" action=\"\">\n\t\t\t<input type=\"hidden\" name=\"post_id\" value=\"109\"\/>\n\t\t\t<input type=\"hidden\" name=\"form_id\" value=\"8d5e296\"\/>\n\t\t\t<input type=\"hidden\" name=\"referer_title\" value=\"Services\" \/>\n\n\t\t\t\t\t\t\t<input type=\"hidden\" name=\"queried_id\" value=\"109\"\/>\n\t\t\t\n\t\t\t<div class=\"elementor-form-fields-wrapper elementor-labels-above\">\n\t\t\t\t\t\t\t\t<div class=\"elementor-field-type-text elementor-field-group elementor-column elementor-field-group-prenom elementor-col-50 elementor-field-required\">\n\t\t\t\t\t\t\t\t\t\t\t\t<label for=\"form-field-prenom\" class=\"elementor-field-label\">\n\t\t\t\t\t\t\t\tPr\u00e9nom\t\t\t\t\t\t\t<\/label>\n\t\t\t\t\t\t\t\t\t\t\t\t\t\t<input size=\"1\" type=\"text\" name=\"form_fields[prenom]\" id=\"form-field-prenom\" class=\"elementor-field elementor-size-sm  elementor-field-textual\" placeholder=\"Votre pr\u00e9nom\" required=\"required\">\n\t\t\t\t\t\t\t\t\t\t\t<\/div>\n\t\t\t\t\t\t\t\t<div class=\"elementor-field-type-text elementor-field-group elementor-column elementor-field-group-nom elementor-col-50 elementor-field-required\">\n\t\t\t\t\t\t\t\t\t\t\t\t<label for=\"form-field-nom\" class=\"elementor-field-label\">\n\t\t\t\t\t\t\t\tNom\t\t\t\t\t\t\t<\/label>\n\t\t\t\t\t\t\t\t\t\t\t\t\t\t<input size=\"1\" type=\"text\" name=\"form_fields[nom]\" id=\"form-field-nom\" class=\"elementor-field elementor-size-sm  elementor-field-textual\" placeholder=\"Nom\" required=\"required\">\n\t\t\t\t\t\t\t\t\t\t\t<\/div>\n\t\t\t\t\t\t\t\t<div class=\"elementor-field-type-email elementor-field-group elementor-column elementor-field-group-email elementor-col-100 elementor-field-required\">\n\t\t\t\t\t\t\t\t\t\t\t\t<label for=\"form-field-email\" class=\"elementor-field-label\">\n\t\t\t\t\t\t\t\tE-mail\t\t\t\t\t\t\t<\/label>\n\t\t\t\t\t\t\t\t\t\t\t\t\t\t<input size=\"1\" type=\"email\" name=\"form_fields[email]\" id=\"form-field-email\" class=\"elementor-field elementor-size-sm  elementor-field-textual\" placeholder=\"E-mail\" required=\"required\">\n\t\t\t\t\t\t\t\t\t\t\t<\/div>\n\t\t\t\t\t\t\t\t<div class=\"elementor-field-type-tel elementor-field-group elementor-column elementor-field-group-telephone elementor-col-60 elementor-field-required\">\n\t\t\t\t\t\t\t\t\t\t\t\t<label for=\"form-field-telephone\" class=\"elementor-field-label\">\n\t\t\t\t\t\t\t\tPhone number\t\t\t\t\t\t\t<\/label>\n\t\t\t\t\t\t\t\t<input size=\"1\" type=\"tel\" name=\"form_fields[telephone]\" id=\"form-field-telephone\" class=\"elementor-field elementor-size-sm  elementor-field-textual\" placeholder=\"(123)456-7890\" required=\"required\" pattern=\"[0-9()#&amp;+*-=.]+\" title=\"Seuls les caract\u00e8res de num\u00e9ros de t\u00e9l\u00e9phone (#, -, *, etc.) sont accept\u00e9s.\">\n\n\t\t\t\t\t\t<\/div>\n\t\t\t\t\t\t\t\t<div class=\"elementor-field-type-select elementor-field-group elementor-column elementor-field-group-services elementor-col-40 elementor-field-required\">\n\t\t\t\t\t\t\t\t\t\t\t\t<label for=\"form-field-services\" class=\"elementor-field-label\">\n\t\t\t\t\t\t\t\tService\t\t\t\t\t\t\t<\/label>\n\t\t\t\t\t\t\t\t<div class=\"elementor-field elementor-select-wrapper remove-before\">\n\t\t\t<div class=\"select-caret-down-wrapper\">\n\t\t\t\t<svg aria-hidden=\"true\" class=\"e-font-icon-svg e-eicon-caret-down\" viewbox=\"0 0 571.4 571.4\" xmlns=\"http:\/\/www.w3.org\/2000\/svg\"><path d=\"M571 393Q571 407 561 418L311 668Q300 679 286 679T261 668L11 418Q0 407 0 393T11 368 36 357H536Q550 357 561 368T571 393Z\"><\/path><\/svg>\t\t\t<\/div>\n\t\t\t<select name=\"form_fields[services]\" id=\"form-field-services\" class=\"elementor-field-textual elementor-size-sm\" required=\"required\">\n\t\t\t\t\t\t\t\t\t<option value=\"Paiement\">Payment<\/option>\n\t\t\t\t\t\t\t\t\t<option value=\"Visibilit\u00e9\">Visibility<\/option>\n\t\t\t\t\t\t\t\t\t<option value=\"Support\">Support<\/option>\n\t\t\t\t\t\t\t\t\t<option value=\"Banque d&#039;arbitres\">Banque d&#039;arbitres<\/option>\n\t\t\t\t\t\t\t\t\t<option value=\"Cr\u00e9ation de troph\u00e9e\">Cr\u00e9ation de troph\u00e9e<\/option>\n\t\t\t\t\t\t\t\t\t<option value=\"Autre\">Autre<\/option>\n\t\t\t\t\t\t\t\t\t<option value=\"\"><\/option>\n\t\t\t\t\t\t\t<\/select>\n\t\t<\/div>\n\t\t\t\t\t\t<\/div>\n\t\t\t\t\t\t\t\t<div class=\"elementor-field-group elementor-column elementor-field-type-submit elementor-col-100 e-form__buttons\">\n\t\t\t\t\t<button class=\"elementor-button elementor-size-sm\" type=\"submit\">\n\t\t\t\t\t\t<span class=\"elementor-button-content-wrapper\">\n\t\t\t\t\t\t\t\t\t\t\t\t\t\t\t\t\t\t\t\t\t\t<span class=\"elementor-button-text\">Envoyer<\/span>\n\t\t\t\t\t\t\t\t\t\t\t\t\t<\/span>\n\t\t\t\t\t<\/button>\n\t\t\t\t<\/div>\n\t\t\t<\/div>\n\t\t<input type=\"hidden\" name=\"trp-form-language\" value=\"en\"\/><\/form>\n\t\t\t\t\t\t<\/div>\n\t\t\t\t<\/div>\n\t\t\t\t\t<\/div>\n\t\t\t\t<\/div>\n\t\t\t\t\t<\/div>\n\t\t\t\t<\/div>\n\t\t\t\t<\/div>","protected":false},"excerpt":{"rendered":"<p>Nos services Organiser votre tournoi avec notre aide Vous organisez un tournoi de hockey adulte et vous pensez avoir besoin d&rsquo;aide? Nous avons plusieurs services qui peuvent vous donner un bon coup de main! Paiement simplifi\u00e9 En h\u00e9bergeant votre tournoi sur notre site, nous pouvons g\u00e9rer les paiements pour vous; nous conserverons une commission de [&hellip;]<\/p>","protected":false},"author":1,"featured_media":0,"parent":0,"menu_order":0,"comment_status":"closed","ping_status":"closed","template":"elementor_header_footer","meta":{"_seopress_robots_primary_cat":"","_seopress_titles_title":"","_seopress_titles_desc":"","_seopress_robots_index":"","_surecart_dashboard_logo_width":"180px","_surecart_dashboard_show_logo":true,"_surecart_dashboard_navigation_orders":true,"_surecart_dashboard_navigation_invoices":true,"_surecart_dashboard_navigation_subscriptions":true,"_surecart_dashboard_navigation_downloads":true,"_surecart_dashboard_navigation_billing":true,"_surecart_dashboard_navigation_account":true,"footnotes":""},"class_list":["post-109","page","type-page","status-publish","hentry"],"_links":{"self":[{"href":"https:\/\/powerplaycup.ca\/en\/wp-json\/wp\/v2\/pages\/109","targetHints":{"allow":["GET"]}}],"collection":[{"href":"https:\/\/powerplaycup.ca\/en\/wp-json\/wp\/v2\/pages"}],"about":[{"href":"https:\/\/powerplaycup.ca\/en\/wp-json\/wp\/v2\/types\/page"}],"author":[{"embeddable":true,"href":"https:\/\/powerplaycup.ca\/en\/wp-json\/wp\/v2\/users\/1"}],"replies":[{"embeddable":true,"href":"https:\/\/powerplaycup.ca\/en\/wp-json\/wp\/v2\/comments?post=109"}],"version-history":[{"count":50,"href":"https:\/\/powerplaycup.ca\/en\/wp-json\/wp\/v2\/pages\/109\/revisions"}],"predecessor-version":[{"id":787,"href":"https:\/\/powerplaycup.ca\/en\/wp-json\/wp\/v2\/pages\/109\/revisions\/787"}],"wp:attachment":[{"href":"https:\/\/powerplaycup.ca\/en\/wp-json\/wp\/v2\/media?parent=109"}],"curies":[{"name":"wp","href":"https:\/\/api.w.org\/{rel}","templated":true}]}}